{"id":18,"date":"2020-07-15T07:12:01","date_gmt":"2020-07-15T07:12:01","guid":{"rendered":"https:\/\/www.netsarimbobinaj.com\/asd\/?page_id=18"},"modified":"2022-12-23T03:05:53","modified_gmt":"2022-12-23T00:05:53","slug":"home","status":"publish","type":"page","link":"https:\/\/netsarimbobinaj.com\/","title":{"rendered":"Home"},"content":{"rendered":"\t\t<div data-elementor-type=\"wp-page\" data-elementor-id=\"18\" class=\"elementor elementor-18\">\n\t\t\t\t\t\t\t\t\t<section class=\"elementor-section elementor-top-section elementor-element elementor-element-e64f130 elementor-section-items-stretch elementor-section-height-min-height elementor-section-content-middle elementor-section-boxed elementor-section-height-default\" data-id=\"e64f130\" data-element_type=\"section\" data-settings=\"{&quot;background_background&quot;:&quot;classic&quot;}\">\n\t\t\t\t\t\t\t<div class=\"elementor-background-overlay\"><\/div>\n\t\t\t\t\t\t\t<div class=\"elementor-container elementor-column-gap-no\">\n\t\t\t\t\t<div class=\"elementor-column elementor-col-100 elementor-top-column elementor-element elementor-element-e201c07\" data-id=\"e201c07\" data-element_type=\"column\">\n\t\t\t<div class=\"elementor-widget-wrap elementor-element-populated\">\n\t\t\t\t\t\t\t\t<div class=\"elementor-element elementor-element-887debd elementor-invisible elementor-widget elementor-widget-heading\" data-id=\"887debd\" data-element_type=\"widget\" data-settings=\"{&quot;_animation&quot;:&quot;fadeInDown&quot;}\" data-widget_type=\"heading.default\">\n\t\t\t\t<div class=\"elementor-widget-container\">\n\t\t\t<style>\/*! elementor - v3.9.2 - 21-12-2022 *\/\n.elementor-heading-title{padding:0;margin:0;line-height:1}.elementor-widget-heading .elementor-heading-title[class*=elementor-size-]>a{color:inherit;font-size:inherit;line-height:inherit}.elementor-widget-heading .elementor-heading-title.elementor-size-small{font-size:15px}.elementor-widget-heading .elementor-heading-title.elementor-size-medium{font-size:19px}.elementor-widget-heading .elementor-heading-title.elementor-size-large{font-size:29px}.elementor-widget-heading .elementor-heading-title.elementor-size-xl{font-size:39px}.elementor-widget-heading .elementor-heading-title.elementor-size-xxl{font-size:59px}<\/style><h1 class=\"elementor-heading-title elementor-size-default\">Net Sar\u0131m Bobinaj<\/h1>\t\t<\/div>\n\t\t\t\t<\/div>\n\t\t\t\t<div class=\"elementor-element elementor-element-679dd6f elementor-widget elementor-widget-text-editor\" data-id=\"679dd6f\" data-element_type=\"widget\" data-widget_type=\"text-editor.default\">\n\t\t\t\t<div class=\"elementor-widget-container\">\n\t\t\t<style>\/*! elementor - v3.9.2 - 21-12-2022 *\/\n.elementor-widget-text-editor.elementor-drop-cap-view-stacked .elementor-drop-cap{background-color:#818a91;color:#fff}.elementor-widget-text-editor.elementor-drop-cap-view-framed .elementor-drop-cap{color:#818a91;border:3px solid;background-color:transparent}.elementor-widget-text-editor:not(.elementor-drop-cap-view-default) .elementor-drop-cap{margin-top:8px}.elementor-widget-text-editor:not(.elementor-drop-cap-view-default) .elementor-drop-cap-letter{width:1em;height:1em}.elementor-widget-text-editor .elementor-drop-cap{float:left;text-align:center;line-height:1;font-size:50px}.elementor-widget-text-editor .elementor-drop-cap-letter{display:inline-block}<\/style>\t\t\t\t\t\t\t\t\t\t<\/div>\n\t\t\t\t<\/div>\n\t\t\t\t<div class=\"elementor-element elementor-element-1dd1baf elementor-align-center elementor-icon-list--layout-traditional elementor-list-item-link-full_width elementor-widget elementor-widget-icon-list\" data-id=\"1dd1baf\" data-element_type=\"widget\" data-widget_type=\"icon-list.default\">\n\t\t\t\t<div class=\"elementor-widget-container\">\n\t\t\t<link rel=\"stylesheet\" href=\"https:\/\/netsarimbobinaj.com\/wp-content\/plugins\/elementor\/assets\/css\/widget-icon-list.min.css\">\t\t<ul class=\"elementor-icon-list-items\">\n\t\t\t\t\t\t\t<li class=\"elementor-icon-list-item\">\n\t\t\t\t\t\t\t\t\t\t\t<a href=\"#aboutus\">\n\n\t\t\t\t\t\t\t\t\t\t\t\t<span class=\"elementor-icon-list-icon\">\n\t\t\t\t\t\t\t<svg xmlns=\"http:\/\/www.w3.org\/2000\/svg\" xmlns:xlink=\"http:\/\/www.w3.org\/1999\/xlink\" xmlns:serif=\"http:\/\/www.serif.com\/\" width=\"100%\" height=\"100%\" viewBox=\"0 0 24 24\" xml:space=\"preserve\" style=\"fill-rule:evenodd;clip-rule:evenodd;stroke-linejoin:round;stroke-miterlimit:2;\"><path d=\"M12,8c-0.549,0 -1,0.451 -1,1l0,2c0,0.549 0.451,1 1,1c0.549,0 1,-0.451 1,-1l0,-2c0,-0.549 -0.451,-1 -1,-1Zm0,-4c-3.84,0 -7,3.16 -7,7l0,6c0,3.84 3.16,7 7,7c3.84,0 7,-3.16 7,-7l0,-6c0,-3.84 -3.16,-7 -7,-7Zm5,13c0,2.743 -2.257,5 -5,5c-2.743,0 -5,-2.257 -5,-5l0,-6c0,-2.743 2.257,-5 5,-5c2.743,0 5,2.257 5,5l0,6Z\" style=\"fill-rule:nonzero;\"><\/path><\/svg>\t\t\t\t\t\t<\/span>\n\t\t\t\t\t\t\t\t\t\t<span class=\"elementor-icon-list-text\">Hizmetlerimiz<\/span>\n\t\t\t\t\t\t\t\t\t\t\t<\/a>\n\t\t\t\t\t\t\t\t\t<\/li>\n\t\t\t\t\t\t<\/ul>\n\t\t\t\t<\/div>\n\t\t\t\t<\/div>\n\t\t\t\t<div class=\"elementor-element elementor-element-6094484 elementor-widget elementor-widget-spacer\" data-id=\"6094484\" data-element_type=\"widget\" data-widget_type=\"spacer.default\">\n\t\t\t\t<div class=\"elementor-widget-container\">\n\t\t\t<style>\/*! elementor - v3.9.2 - 21-12-2022 *\/\n.elementor-column .elementor-spacer-inner{height:var(--spacer-size)}.e-con{--container-widget-width:100%}.e-con-inner>.elementor-widget-spacer,.e-con>.elementor-widget-spacer{width:var(--container-widget-width,var(--spacer-size));--align-self:var(--container-widget-align-self,initial);--flex-shrink:0}.e-con-inner>.elementor-widget-spacer>.elementor-widget-container,.e-con-inner>.elementor-widget-spacer>.elementor-widget-container>.elementor-spacer,.e-con>.elementor-widget-spacer>.elementor-widget-container,.e-con>.elementor-widget-spacer>.elementor-widget-container>.elementor-spacer{height:100%}.e-con-inner>.elementor-widget-spacer>.elementor-widget-container>.elementor-spacer>.elementor-spacer-inner,.e-con>.elementor-widget-spacer>.elementor-widget-container>.elementor-spacer>.elementor-spacer-inner{height:var(--container-widget-height,var(--spacer-size))}<\/style>\t\t<div class=\"elementor-spacer\">\n\t\t\t<div class=\"elementor-spacer-inner\"><\/div>\n\t\t<\/div>\n\t\t\t\t<\/div>\n\t\t\t\t<\/div>\n\t\t\t\t<div class=\"elementor-element elementor-element-a5eff9d elementor-absolute elementor-widget__width-initial elementor-hidden-mobile elementor-widget elementor-widget-image\" data-id=\"a5eff9d\" data-element_type=\"widget\" data-settings=\"{&quot;_position&quot;:&quot;absolute&quot;}\" data-widget_type=\"image.default\">\n\t\t\t\t<div class=\"elementor-widget-container\">\n\t\t\t<style>\/*! elementor - v3.9.2 - 21-12-2022 *\/\n.elementor-widget-image{text-align:center}.elementor-widget-image a{display:inline-block}.elementor-widget-image a img[src$=\".svg\"]{width:48px}.elementor-widget-image img{vertical-align:middle;display:inline-block}<\/style>\t\t\t\t\t\t\t\t\t\t\t\t<img loading=\"lazy\" decoding=\"async\" width=\"1000\" height=\"226\" src=\"https:\/\/netsarimbobinaj.com\/wp-content\/uploads\/2022\/10\/yenileme.png\" class=\"attachment-full size-full wp-image-386\" alt=\"\" srcset=\"https:\/\/netsarimbobinaj.com\/wp-content\/uploads\/2022\/10\/yenileme.png 1000w, https:\/\/netsarimbobinaj.com\/wp-content\/uploads\/2022\/10\/yenileme-300x68.png 300w, https:\/\/netsarimbobinaj.com\/wp-content\/uploads\/2022\/10\/yenileme-768x174.png 768w\" sizes=\"auto, (max-width: 1000px) 100vw, 1000px\" \/>\t\t\t\t\t\t\t\t\t\t\t\t\t\t\t<\/div>\n\t\t\t\t<\/div>\n\t\t\t\t\t<\/div>\n\t\t<\/div>\n\t\t\t\t\t\t\t<\/div>\n\t\t<\/section>\n\t\t\t\t<section class=\"elementor-section elementor-top-section elementor-element elementor-element-d40b3ca elementor-section-full_width elementor-section-height-default elementor-section-height-default\" data-id=\"d40b3ca\" data-element_type=\"section\" data-settings=\"{&quot;background_background&quot;:&quot;classic&quot;}\">\n\t\t\t\t\t\t<div class=\"elementor-container elementor-column-gap-default\">\n\t\t\t\t\t<div class=\"elementor-column elementor-col-100 elementor-top-column elementor-element elementor-element-6af1b56\" data-id=\"6af1b56\" data-element_type=\"column\">\n\t\t\t<div class=\"elementor-widget-wrap elementor-element-populated\">\n\t\t\t\t\t\t\t\t<div class=\"elementor-element elementor-element-6ac2f99 elementor-widget elementor-widget-spacer\" data-id=\"6ac2f99\" data-element_type=\"widget\" data-widget_type=\"spacer.default\">\n\t\t\t\t<div class=\"elementor-widget-container\">\n\t\t\t\t\t<div class=\"elementor-spacer\">\n\t\t\t<div class=\"elementor-spacer-inner\"><\/div>\n\t\t<\/div>\n\t\t\t\t<\/div>\n\t\t\t\t<\/div>\n\t\t\t\t\t<\/div>\n\t\t<\/div>\n\t\t\t\t\t\t\t<\/div>\n\t\t<\/section>\n\t\t\t\t<section class=\"elementor-section elementor-top-section elementor-element elementor-element-213a38e elementor-section-full_width elementor-section-height-min-height elementor-section-height-default elementor-section-items-middle\" data-id=\"213a38e\" data-element_type=\"section\">\n\t\t\t\t\t\t<div class=\"elementor-container elementor-column-gap-narrow\">\n\t\t\t\t\t<div class=\"elementor-column elementor-col-100 elementor-top-column elementor-element elementor-element-125d2a8\" data-id=\"125d2a8\" data-element_type=\"column\">\n\t\t\t<div class=\"elementor-widget-wrap elementor-element-populated\">\n\t\t\t\t\t\t\t\t<div class=\"elementor-element elementor-element-c4be66d elementor-widget__width-inherit elementor-widget elementor-widget-image\" data-id=\"c4be66d\" data-element_type=\"widget\" data-widget_type=\"image.default\">\n\t\t\t\t<div class=\"elementor-widget-container\">\n\t\t\t\t\t\t\t\t\t\t\t\t\t\t\t<img loading=\"lazy\" decoding=\"async\" width=\"2000\" height=\"600\" src=\"https:\/\/netsarimbobinaj.com\/wp-content\/uploads\/2022\/12\/Hizmetlerimiz-2000-\u00d7-600-piksel-1.png\" class=\"attachment-full size-full wp-image-598\" alt=\"\" srcset=\"https:\/\/netsarimbobinaj.com\/wp-content\/uploads\/2022\/12\/Hizmetlerimiz-2000-\u00d7-600-piksel-1.png 2000w, https:\/\/netsarimbobinaj.com\/wp-content\/uploads\/2022\/12\/Hizmetlerimiz-2000-\u00d7-600-piksel-1-768x230.png 768w\" sizes=\"auto, (max-width: 2000px) 100vw, 2000px\" \/>\t\t\t\t\t\t\t\t\t\t\t\t\t\t\t<\/div>\n\t\t\t\t<\/div>\n\t\t\t\t\t<\/div>\n\t\t<\/div>\n\t\t\t\t\t\t\t<\/div>\n\t\t<\/section>\n\t\t\t\t<section class=\"elementor-section elementor-top-section elementor-element elementor-element-6bcc976 elementor-section-boxed elementor-section-height-default elementor-section-height-default\" data-id=\"6bcc976\" data-element_type=\"section\" data-settings=\"{&quot;background_background&quot;:&quot;classic&quot;}\">\n\t\t\t\t\t\t\t<div class=\"elementor-background-overlay\"><\/div>\n\t\t\t\t\t\t\t<div class=\"elementor-container elementor-column-gap-no\">\n\t\t\t\t\t<div class=\"elementor-column elementor-col-100 elementor-top-column elementor-element elementor-element-cd1dec9\" data-id=\"cd1dec9\" data-element_type=\"column\">\n\t\t\t<div class=\"elementor-widget-wrap elementor-element-populated\">\n\t\t\t\t\t\t\t\t<div class=\"elementor-element elementor-element-cbecee0 elementor-widget elementor-widget-image\" data-id=\"cbecee0\" data-element_type=\"widget\" data-widget_type=\"image.default\">\n\t\t\t\t<div class=\"elementor-widget-container\">\n\t\t\t\t\t\t\t\t\t\t\t\t\t\t\t<img loading=\"lazy\" decoding=\"async\" width=\"150\" height=\"150\" src=\"https:\/\/netsarimbobinaj.com\/wp-content\/uploads\/2022\/10\/yenileme3-150x150.png\" class=\"attachment-thumbnail size-thumbnail wp-image-484\" alt=\"\" srcset=\"https:\/\/netsarimbobinaj.com\/wp-content\/uploads\/2022\/10\/yenileme3-150x150.png 150w, https:\/\/netsarimbobinaj.com\/wp-content\/uploads\/2022\/10\/yenileme3-300x300.png 300w, https:\/\/netsarimbobinaj.com\/wp-content\/uploads\/2022\/10\/yenileme3-1020x1024.png 1020w, https:\/\/netsarimbobinaj.com\/wp-content\/uploads\/2022\/10\/yenileme3-768x771.png 768w, https:\/\/netsarimbobinaj.com\/wp-content\/uploads\/2022\/10\/yenileme3.png 1404w\" sizes=\"auto, (max-width: 150px) 100vw, 150px\" \/>\t\t\t\t\t\t\t\t\t\t\t\t\t\t\t<\/div>\n\t\t\t\t<\/div>\n\t\t\t\t<div class=\"elementor-element elementor-element-2ee3d00 elementor-widget__width-initial elementor-widget elementor-widget-heading\" data-id=\"2ee3d00\" data-element_type=\"widget\" data-widget_type=\"heading.default\">\n\t\t\t\t<div class=\"elementor-widget-container\">\n\t\t\t<h2 class=\"elementor-heading-title elementor-size-default\">Kalite asla tesad\u00fcf de\u011fildir<\/h2>\t\t<\/div>\n\t\t\t\t<\/div>\n\t\t\t\t\t<\/div>\n\t\t<\/div>\n\t\t\t\t\t\t\t<\/div>\n\t\t<\/section>\n\t\t\t\t<section class=\"elementor-section elementor-top-section elementor-element elementor-element-0ef4c22 elementor-section-full_width elementor-section-height-default elementor-section-height-default\" data-id=\"0ef4c22\" data-element_type=\"section\" data-settings=\"{&quot;background_background&quot;:&quot;classic&quot;}\">\n\t\t\t\t\t\t<div class=\"elementor-container elementor-column-gap-no\">\n\t\t\t\t\t<div class=\"elementor-column elementor-col-100 elementor-top-column elementor-element elementor-element-077bab6\" data-id=\"077bab6\" data-element_type=\"column\">\n\t\t\t<div class=\"elementor-widget-wrap elementor-element-populated\">\n\t\t\t\t\t\t\t\t<div class=\"elementor-element elementor-element-6b584ec gallery-spacing-custom elementor-widget elementor-widget-image-gallery\" data-id=\"6b584ec\" data-element_type=\"widget\" data-widget_type=\"image-gallery.default\">\n\t\t\t\t<div class=\"elementor-widget-container\">\n\t\t\t<style>\/*! elementor - v3.9.2 - 21-12-2022 *\/\n.elementor-image-gallery .gallery-item{display:inline-block;text-align:center;vertical-align:top;width:100%;max-width:100%;margin:0 auto}.elementor-image-gallery .gallery-item img{margin:0 auto}.elementor-image-gallery .gallery-item .gallery-caption{margin:0}.elementor-image-gallery figure img{display:block}.elementor-image-gallery figure figcaption{width:100%}.gallery-spacing-custom .elementor-image-gallery .gallery-icon{padding:0}@media (min-width:768px){.elementor-image-gallery .gallery-columns-2 .gallery-item{max-width:50%}.elementor-image-gallery .gallery-columns-3 .gallery-item{max-width:33.33%}.elementor-image-gallery .gallery-columns-4 .gallery-item{max-width:25%}.elementor-image-gallery .gallery-columns-5 .gallery-item{max-width:20%}.elementor-image-gallery .gallery-columns-6 .gallery-item{max-width:16.666%}.elementor-image-gallery .gallery-columns-7 .gallery-item{max-width:14.28%}.elementor-image-gallery .gallery-columns-8 .gallery-item{max-width:12.5%}.elementor-image-gallery .gallery-columns-9 .gallery-item{max-width:11.11%}.elementor-image-gallery .gallery-columns-10 .gallery-item{max-width:10%}}@media (min-width:480px) and (max-width:767px){.elementor-image-gallery .gallery.gallery-columns-2 .gallery-item,.elementor-image-gallery .gallery.gallery-columns-3 .gallery-item,.elementor-image-gallery .gallery.gallery-columns-4 .gallery-item,.elementor-image-gallery .gallery.gallery-columns-5 .gallery-item,.elementor-image-gallery .gallery.gallery-columns-6 .gallery-item,.elementor-image-gallery .gallery.gallery-columns-7 .gallery-item,.elementor-image-gallery .gallery.gallery-columns-8 .gallery-item,.elementor-image-gallery .gallery.gallery-columns-9 .gallery-item,.elementor-image-gallery .gallery.gallery-columns-10 .gallery-item{max-width:50%}}@media (max-width:479px){.elementor-image-gallery .gallery.gallery-columns-2 .gallery-item,.elementor-image-gallery .gallery.gallery-columns-3 .gallery-item,.elementor-image-gallery .gallery.gallery-columns-4 .gallery-item,.elementor-image-gallery .gallery.gallery-columns-5 .gallery-item,.elementor-image-gallery .gallery.gallery-columns-6 .gallery-item,.elementor-image-gallery .gallery.gallery-columns-7 .gallery-item,.elementor-image-gallery .gallery.gallery-columns-8 .gallery-item,.elementor-image-gallery .gallery.gallery-columns-9 .gallery-item,.elementor-image-gallery .gallery.gallery-columns-10 .gallery-item{max-width:100%}}<\/style>\t\t<div class=\"elementor-image-gallery\">\n\t\t\t<div id='gallery-1' class='gallery galleryid-18 gallery-columns-3 gallery-size-medium_large'><figure class='gallery-item'>\n\t\t\t<div class='gallery-icon landscape'>\n\t\t\t\t<a data-elementor-open-lightbox=\"yes\" data-elementor-lightbox-slideshow=\"6b584ec\" data-elementor-lightbox-title=\"motor-sales-and-service-company-for-sale-2.jpg\" e-action-hash=\"#elementor-action%3Aaction%3Dlightbox%26settings%3DeyJpZCI6NTk3LCJ1cmwiOiJodHRwczpcL1wvbmV0c2FyaW1ib2JpbmFqLmNvbVwvd3AtY29udGVudFwvdXBsb2Fkc1wvMjAyMlwvMTJcL21vdG9yLXNhbGVzLWFuZC1zZXJ2aWNlLWNvbXBhbnktZm9yLXNhbGUtMi5qcGciLCJzbGlkZXNob3ciOiI2YjU4NGVjIn0%3D\" href='https:\/\/netsarimbobinaj.com\/wp-content\/uploads\/2022\/12\/motor-sales-and-service-company-for-sale-2.jpg'><img loading=\"lazy\" decoding=\"async\" width=\"768\" height=\"512\" src=\"https:\/\/netsarimbobinaj.com\/wp-content\/uploads\/2022\/12\/motor-sales-and-service-company-for-sale-2-768x512.jpg\" class=\"attachment-medium_large size-medium_large\" alt=\"\" srcset=\"https:\/\/netsarimbobinaj.com\/wp-content\/uploads\/2022\/12\/motor-sales-and-service-company-for-sale-2-768x512.jpg 768w, https:\/\/netsarimbobinaj.com\/wp-content\/uploads\/2022\/12\/motor-sales-and-service-company-for-sale-2.jpg 1282w\" sizes=\"auto, (max-width: 768px) 100vw, 768px\" \/><\/a>\n\t\t\t<\/div><\/figure><figure class='gallery-item'>\n\t\t\t<div class='gallery-icon landscape'>\n\t\t\t\t<a data-elementor-open-lightbox=\"yes\" data-elementor-lightbox-slideshow=\"6b584ec\" data-elementor-lightbox-title=\"fixing-electric-motor-1024x683\" e-action-hash=\"#elementor-action%3Aaction%3Dlightbox%26settings%3DeyJpZCI6NTMzLCJ1cmwiOiJodHRwczpcL1wvbmV0c2FyaW1ib2JpbmFqLmNvbVwvd3AtY29udGVudFwvdXBsb2Fkc1wvMjAyMlwvMTBcL2ZpeGluZy1lbGVjdHJpYy1tb3Rvci0xMDI0eDY4My0xLmpwZyIsInNsaWRlc2hvdyI6IjZiNTg0ZWMifQ%3D%3D\" href='https:\/\/netsarimbobinaj.com\/wp-content\/uploads\/2022\/10\/fixing-electric-motor-1024x683-1.jpg'><img loading=\"lazy\" decoding=\"async\" width=\"768\" height=\"512\" src=\"https:\/\/netsarimbobinaj.com\/wp-content\/uploads\/2022\/10\/fixing-electric-motor-1024x683-1-768x512.jpg\" class=\"attachment-medium_large size-medium_large\" alt=\"\" srcset=\"https:\/\/netsarimbobinaj.com\/wp-content\/uploads\/2022\/10\/fixing-electric-motor-1024x683-1-768x512.jpg 768w, https:\/\/netsarimbobinaj.com\/wp-content\/uploads\/2022\/10\/fixing-electric-motor-1024x683-1-300x200.jpg 300w, https:\/\/netsarimbobinaj.com\/wp-content\/uploads\/2022\/10\/fixing-electric-motor-1024x683-1.jpg 1024w\" sizes=\"auto, (max-width: 768px) 100vw, 768px\" \/><\/a>\n\t\t\t<\/div><\/figure><figure class='gallery-item'>\n\t\t\t<div class='gallery-icon landscape'>\n\t\t\t\t<a data-elementor-open-lightbox=\"yes\" data-elementor-lightbox-slideshow=\"6b584ec\" data-elementor-lightbox-title=\"electric-motor-repair\" e-action-hash=\"#elementor-action%3Aaction%3Dlightbox%26settings%3DeyJpZCI6NTMyLCJ1cmwiOiJodHRwczpcL1wvbmV0c2FyaW1ib2JpbmFqLmNvbVwvd3AtY29udGVudFwvdXBsb2Fkc1wvMjAyMlwvMTBcL2VsZWN0cmljLW1vdG9yLXJlcGFpci5qcGciLCJzbGlkZXNob3ciOiI2YjU4NGVjIn0%3D\" href='https:\/\/netsarimbobinaj.com\/wp-content\/uploads\/2022\/10\/electric-motor-repair.jpg'><img loading=\"lazy\" decoding=\"async\" width=\"768\" height=\"512\" src=\"https:\/\/netsarimbobinaj.com\/wp-content\/uploads\/2022\/10\/electric-motor-repair-768x512.jpg\" class=\"attachment-medium_large size-medium_large\" alt=\"\" srcset=\"https:\/\/netsarimbobinaj.com\/wp-content\/uploads\/2022\/10\/electric-motor-repair-768x512.jpg 768w, https:\/\/netsarimbobinaj.com\/wp-content\/uploads\/2022\/10\/electric-motor-repair-300x200.jpg 300w, https:\/\/netsarimbobinaj.com\/wp-content\/uploads\/2022\/10\/electric-motor-repair.jpg 1000w\" sizes=\"auto, (max-width: 768px) 100vw, 768px\" \/><\/a>\n\t\t\t<\/div><\/figure><figure class='gallery-item'>\n\t\t\t<div class='gallery-icon landscape'>\n\t\t\t\t<a data-elementor-open-lightbox=\"yes\" data-elementor-lightbox-slideshow=\"6b584ec\" data-elementor-lightbox-title=\"2019-02-electric-motor-repair-atlanta-ga\" e-action-hash=\"#elementor-action%3Aaction%3Dlightbox%26settings%3DeyJpZCI6NTMxLCJ1cmwiOiJodHRwczpcL1wvbmV0c2FyaW1ib2JpbmFqLmNvbVwvd3AtY29udGVudFwvdXBsb2Fkc1wvMjAyMlwvMTBcLzIwMTktMDItZWxlY3RyaWMtbW90b3ItcmVwYWlyLWF0bGFudGEtZ2EuanBnIiwic2xpZGVzaG93IjoiNmI1ODRlYyJ9\" href='https:\/\/netsarimbobinaj.com\/wp-content\/uploads\/2022\/10\/2019-02-electric-motor-repair-atlanta-ga.jpg'><img loading=\"lazy\" decoding=\"async\" width=\"768\" height=\"512\" src=\"https:\/\/netsarimbobinaj.com\/wp-content\/uploads\/2022\/10\/2019-02-electric-motor-repair-atlanta-ga-768x512.jpg\" class=\"attachment-medium_large size-medium_large\" alt=\"\" srcset=\"https:\/\/netsarimbobinaj.com\/wp-content\/uploads\/2022\/10\/2019-02-electric-motor-repair-atlanta-ga-768x512.jpg 768w, https:\/\/netsarimbobinaj.com\/wp-content\/uploads\/2022\/10\/2019-02-electric-motor-repair-atlanta-ga-300x200.jpg 300w, https:\/\/netsarimbobinaj.com\/wp-content\/uploads\/2022\/10\/2019-02-electric-motor-repair-atlanta-ga.jpg 1000w\" sizes=\"auto, (max-width: 768px) 100vw, 768px\" \/><\/a>\n\t\t\t<\/div><\/figure><figure class='gallery-item'>\n\t\t\t<div class='gallery-icon landscape'>\n\t\t\t\t<a data-elementor-open-lightbox=\"yes\" data-elementor-lightbox-slideshow=\"6b584ec\" data-elementor-lightbox-title=\"voltage_drop_test-1-scaled\" e-action-hash=\"#elementor-action%3Aaction%3Dlightbox%26settings%3DeyJpZCI6NTI5LCJ1cmwiOiJodHRwczpcL1wvbmV0c2FyaW1ib2JpbmFqLmNvbVwvd3AtY29udGVudFwvdXBsb2Fkc1wvMjAyMlwvMTBcL3ZvbHRhZ2VfZHJvcF90ZXN0LTEtc2NhbGVkLTEtZTE2NzE3NTAyOTQyODMuanBnIiwic2xpZGVzaG93IjoiNmI1ODRlYyJ9\" href='https:\/\/netsarimbobinaj.com\/wp-content\/uploads\/2022\/10\/voltage_drop_test-1-scaled-1-e1671750294283.jpg'><img loading=\"lazy\" decoding=\"async\" width=\"768\" height=\"576\" src=\"https:\/\/netsarimbobinaj.com\/wp-content\/uploads\/2022\/10\/voltage_drop_test-1-scaled-1-e1671750294283-768x576.jpg\" class=\"attachment-medium_large size-medium_large\" alt=\"\" srcset=\"https:\/\/netsarimbobinaj.com\/wp-content\/uploads\/2022\/10\/voltage_drop_test-1-scaled-1-e1671750294283-768x576.jpg 768w, https:\/\/netsarimbobinaj.com\/wp-content\/uploads\/2022\/10\/voltage_drop_test-1-scaled-1-e1671750294283-300x225.jpg 300w, https:\/\/netsarimbobinaj.com\/wp-content\/uploads\/2022\/10\/voltage_drop_test-1-scaled-1-e1671750294283.jpg 900w\" sizes=\"auto, (max-width: 768px) 100vw, 768px\" \/><\/a>\n\t\t\t<\/div><\/figure><figure class='gallery-item'>\n\t\t\t<div class='gallery-icon landscape'>\n\t\t\t\t<a data-elementor-open-lightbox=\"yes\" data-elementor-lightbox-slideshow=\"6b584ec\" data-elementor-lightbox-title=\"1\" e-action-hash=\"#elementor-action%3Aaction%3Dlightbox%26settings%3DeyJpZCI6NTMwLCJ1cmwiOiJodHRwczpcL1wvbmV0c2FyaW1ib2JpbmFqLmNvbVwvd3AtY29udGVudFwvdXBsb2Fkc1wvMjAyMlwvMTBcLzEuanBnIiwic2xpZGVzaG93IjoiNmI1ODRlYyJ9\" href='https:\/\/netsarimbobinaj.com\/wp-content\/uploads\/2022\/10\/1.jpg'><img loading=\"lazy\" decoding=\"async\" width=\"768\" height=\"512\" src=\"https:\/\/netsarimbobinaj.com\/wp-content\/uploads\/2022\/10\/1-768x512.jpg\" class=\"attachment-medium_large size-medium_large\" alt=\"\" srcset=\"https:\/\/netsarimbobinaj.com\/wp-content\/uploads\/2022\/10\/1-768x512.jpg 768w, https:\/\/netsarimbobinaj.com\/wp-content\/uploads\/2022\/10\/1-300x200.jpg 300w, https:\/\/netsarimbobinaj.com\/wp-content\/uploads\/2022\/10\/1.jpg 900w\" sizes=\"auto, (max-width: 768px) 100vw, 768px\" \/><\/a>\n\t\t\t<\/div><\/figure>\n\t\t<\/div>\n\t\t<\/div>\n\t\t\t\t<\/div>\n\t\t\t\t<\/div>\n\t\t\t\t\t<\/div>\n\t\t<\/div>\n\t\t\t\t\t\t\t<\/div>\n\t\t<\/section>\n\t\t\t\t\t\t\t<\/div>\n\t\t","protected":false},"excerpt":{"rendered":"<p>Net Sar\u0131m Bobinaj Hizmetlerimiz Kalite asla tesad\u00fcf de\u011fildir<\/p>\n","protected":false},"author":1,"featured_media":0,"parent":0,"menu_order":0,"comment_status":"closed","ping_status":"closed","template":"","meta":{"site-sidebar-layout":"no-sidebar","site-content-layout":"page-builder","ast-site-content-layout":"default","site-content-style":"default","site-sidebar-style":"default","ast-global-header-display":"","ast-banner-title-visibility":"","ast-main-header-display":"","ast-hfb-above-header-display":"","ast-hfb-below-header-display":"","ast-hfb-mobile-header-display":"","site-post-title":"disabled","ast-breadcrumbs-content":"","ast-featured-img":"disabled","footer-sml-layout":"","theme-transparent-header-meta":"enabled","adv-header-id-meta":"","stick-header-meta":"","header-above-stick-meta":"","header-main-stick-meta":"","header-below-stick-meta":"","astra-migrate-meta-layouts":"default","ast-page-background-enabled":"default","ast-page-background-meta":{"desktop":{"background-color":"","background-image":"","background-repeat":"repeat","background-position":"center center","background-size":"auto","background-attachment":"scroll","background-type":"","background-media":"","overlay-type":"","overlay-color":"","overlay-opacity":"","overlay-gradient":""},"tablet":{"background-color":"","background-image":"","background-repeat":"repeat","background-position":"center center","background-size":"auto","background-attachment":"scroll","background-type":"","background-media":"","overlay-type":"","overlay-color":"","overlay-opacity":"","overlay-gradient":""},"mobile":{"background-color":"","background-image":"","background-repeat":"repeat","background-position":"center center","background-size":"auto","background-attachment":"scroll","background-type":"","background-media":"","overlay-type":"","overlay-color":"","overlay-opacity":"","overlay-gradient":""}},"ast-content-background-meta":{"desktop":{"background-color":"var(--ast-global-color-5)","background-image":"","background-repeat":"repeat","background-position":"center center","background-size":"auto","background-attachment":"scroll","background-type":"","background-media":"","overlay-type":"","overlay-color":"","overlay-opacity":"","overlay-gradient":""},"tablet":{"background-color":"var(--ast-global-color-5)","background-image":"","background-repeat":"repeat","background-position":"center center","background-size":"auto","background-attachment":"scroll","background-type":"","background-media":"","overlay-type":"","overlay-color":"","overlay-opacity":"","overlay-gradient":""},"mobile":{"background-color":"var(--ast-global-color-5)","background-image":"","background-repeat":"repeat","background-position":"center center","background-size":"auto","background-attachment":"scroll","background-type":"","background-media":"","overlay-type":"","overlay-color":"","overlay-opacity":"","overlay-gradient":""}},"footnotes":""},"class_list":["post-18","page","type-page","status-publish","hentry"],"_links":{"self":[{"href":"https:\/\/netsarimbobinaj.com\/index.php?rest_route=\/wp\/v2\/pages\/18","targetHints":{"allow":["GET"]}}],"collection":[{"href":"https:\/\/netsarimbobinaj.com\/index.php?rest_route=\/wp\/v2\/pages"}],"about":[{"href":"https:\/\/netsarimbobinaj.com\/index.php?rest_route=\/wp\/v2\/types\/page"}],"author":[{"embeddable":true,"href":"https:\/\/netsarimbobinaj.com\/index.php?rest_route=\/wp\/v2\/users\/1"}],"replies":[{"embeddable":true,"href":"https:\/\/netsarimbobinaj.com\/index.php?rest_route=%2Fwp%2Fv2%2Fcomments&post=18"}],"version-history":[{"count":196,"href":"https:\/\/netsarimbobinaj.com\/index.php?rest_route=\/wp\/v2\/pages\/18\/revisions"}],"predecessor-version":[{"id":679,"href":"https:\/\/netsarimbobinaj.com\/index.php?rest_route=\/wp\/v2\/pages\/18\/revisions\/679"}],"wp:attachment":[{"href":"https:\/\/netsarimbobinaj.com\/index.php?rest_route=%2Fwp%2Fv2%2Fmedia&parent=18"}],"curies":[{"name":"wp","href":"https:\/\/api.w.org\/{rel}","templated":true}]}}